{"id":29,"date":"2022-10-24T13:39:08","date_gmt":"2022-10-24T13:39:08","guid":{"rendered":"http:\/\/biod.dhitech.it\/?page_id=29"},"modified":"2024-10-17T10:29:40","modified_gmt":"2024-10-17T10:29:40","slug":"home","status":"publish","type":"page","link":"https:\/\/biod.dhitech.it\/","title":{"rendered":"HOME"},"content":{"rendered":"<!-- wp:themify-builder\/canvas \/-->\n\n<p><\/p>","protected":false},"excerpt":{"rendered":"","protected":false},"author":1,"featured_media":0,"parent":0,"menu_order":0,"comment_status":"closed","ping_status":"closed","template":"","meta":{"footnotes":""},"class_list":["post-29","page","type-page","status-publish","hentry","has-post-title","has-post-date","has-post-category","has-post-tag","has-post-comment","has-post-author",""],"builder_content":"<p><strong>Il Progetto BIO-D \u2013\u00a0<\/strong>\u00a0<strong>Sviluppo di biomarcatori diagnostici per la medicina di precisione e la terapia personalizzata\u00a0<\/strong>(<strong>Cod.\u00a0ARS01_00876<\/strong>) \u2013 presentato in risposta all\\'Avviso Pubblico Prot. n. 1735 del 13\/07\/2017 emanato dal MIUR (Ministero dell\u2019Istruzione, dell\\'Universit\u00e0 e della Ricerca) \u2013 \u00e8 finanziato\u00a0dal Fondo Europeo di Sviluppo Regionale (FESR) nell\\'ambito del PON R&amp;I 2014-2020 \u2013 Asse 2 \u2013 Azione II \u2013 OS 1.b) (Decreto di Concessione Prot. n. 1723 del 30\/10\/2020).<\/p> <p>Il Soggetto Capofila del partenariato pubblico-privato \u00e8 il <em><strong>Distretto Tecnologico Hi-Tech Dhitech Scarl<\/strong><\/em>.<\/p> <p>Il progetto BIO-D mira a realizzare la stratificazione clinico-molecolare di pazienti affetti da alcune patologie. I dati ottenuti con le tecniche omiche saranno depositati nel Data Center ed analizzati con metodi computazionali e tecniche di intelligenza artificiale al fine di individuare biomarcatori specifici che permetteranno la diagnosi di sottoclassi di pazienti.<\/p> <p>Alcuni biomarcatori saranno utilizzati per lo sviluppo di tools diagnostici da parte delle aziende partecipanti. L\u2019uso della Systems Pharmacology permetter\u00e0 di selezionare vecchie e nuove molecole farmacologiche che potranno essere utilizzate per potenziali terapie personalizzate. Le molecole potranno essere impiegate con diverse modalit\u00e0 dalle aziende partecipanti quali nanovettori, radiofarmaci ed elementi cellulari modificati.<\/p> <p>Il modello organizzativo proposto si ispira all\u2019open innovation in cui le imprese, per creare pi\u00f9 valore e competere meglio sul mercato, non possono basarsi soltanto su idee e risorse interne ma hanno il dovere di ricorrere anche a strumenti e competenze tecnologiche che arrivino dall\u2019esterno, in particolar modo start-up, universit\u00e0, istituti di ricerca. L\u2019obiettivo \u00e8 quello di sostenere un ecosistema nascente nel Centro-Sud di Medicina di Precisione e Terapia Personalizzata con la collaborazione di partner del Centro-Nord sia pubblici che privati.<\/p> <p>I legami tra aziende farmaceutiche, PMI biotech, centri di ricerca clinica e applicata permetteranno lo sviluppo di competenze nel campo delle alte tecnologie per una migliore diagnosi clinico-molecolare delle malattie e una potenziale terapia personalizzata. Ci\u00f2 valorizzer\u00e0 le attivit\u00e0 delle unit\u00e0 di ricerca operanti nella Salute nel Centro-Sud.<\/p>","_links":{"self":[{"href":"https:\/\/biod.dhitech.it\/index.php?rest_route=\/wp\/v2\/pages\/29"}],"collection":[{"href":"https:\/\/biod.dhitech.it\/index.php?rest_route=\/wp\/v2\/pages"}],"about":[{"href":"https:\/\/biod.dhitech.it\/index.php?rest_route=\/wp\/v2\/types\/page"}],"author":[{"embeddable":true,"href":"https:\/\/biod.dhitech.it\/index.php?rest_route=\/wp\/v2\/users\/1"}],"replies":[{"embeddable":true,"href":"https:\/\/biod.dhitech.it\/index.php?rest_route=%2Fwp%2Fv2%2Fcomments&post=29"}],"version-history":[{"count":18,"href":"https:\/\/biod.dhitech.it\/index.php?rest_route=\/wp\/v2\/pages\/29\/revisions"}],"predecessor-version":[{"id":1300,"href":"https:\/\/biod.dhitech.it\/index.php?rest_route=\/wp\/v2\/pages\/29\/revisions\/1300"}],"wp:attachment":[{"href":"https:\/\/biod.dhitech.it\/index.php?rest_route=%2Fwp%2Fv2%2Fmedia&parent=29"}],"curies":[{"name":"wp","href":"https:\/\/api.w.org\/{rel}","templated":true}]}}